{"id":2529,"date":"2023-04-10T18:24:15","date_gmt":"2023-04-10T15:24:15","guid":{"rendered":"https:\/\/kus.siteyse.com\/?page_id=2529"},"modified":"2023-05-04T18:05:30","modified_gmt":"2023-05-04T15:05:30","slug":"sikca-sorulan-sorular","status":"publish","type":"page","link":"https:\/\/kusadasiairporttransfer.net\/tr\/sikca-sorulan-sorular\/","title":{"rendered":"S\u0131k\u00e7a Sorulan Sorular"},"content":{"rendered":"\t\t<div data-elementor-type=\"wp-page\" data-elementor-id=\"2529\" class=\"elementor elementor-2529\">\n\t\t\t\t\t\t\t\t\t<section class=\"ob-is-breaking-bad elementor-section elementor-top-section elementor-element elementor-element-9330b9 elementor-section-boxed elementor-section-height-default elementor-section-height-default\" data-id=\"9330b9\" data-element_type=\"section\" data-settings=\"{&quot;_ob_bbad_use_it&quot;:&quot;yes&quot;,&quot;_ob_bbad_sssic_use&quot;:&quot;no&quot;,&quot;_ob_glider_is_slider&quot;:&quot;no&quot;}\">\n\t\t\t\t\t\t<div class=\"elementor-container elementor-column-gap-default\">\n\t\t\t\t\t<div class=\"elementor-column elementor-col-100 elementor-top-column elementor-element elementor-element-c3183c4\" data-id=\"c3183c4\" data-element_type=\"column\" data-settings=\"{&quot;_ob_bbad_is_stalker&quot;:&quot;no&quot;,&quot;_ob_teleporter_use&quot;:false,&quot;_ob_column_hoveranimator&quot;:&quot;no&quot;,&quot;_ob_column_has_pseudo&quot;:&quot;no&quot;}\">\n\t\t\t<div class=\"elementor-widget-wrap elementor-element-populated\">\n\t\t\t\t\t\t\t\t<div class=\"elementor-element elementor-element-192ec2d5 ob-harakiri-inherit ob-has-background-overlay elementor-widget elementor-widget-heading\" data-id=\"192ec2d5\" data-element_type=\"widget\" data-settings=\"{&quot;_ob_use_harakiri&quot;:&quot;yes&quot;,&quot;_ob_harakiri_writing_mode&quot;:&quot;inherit&quot;,&quot;_ob_harakiri_text_clip&quot;:&quot;none&quot;,&quot;_ob_perspektive_use&quot;:&quot;no&quot;,&quot;_ob_poopart_use&quot;:&quot;yes&quot;,&quot;_ob_shadough_use&quot;:&quot;no&quot;,&quot;_ob_allow_hoveranimator&quot;:&quot;no&quot;,&quot;_ob_widget_stalker_use&quot;:&quot;no&quot;}\" data-widget_type=\"heading.default\">\n\t\t\t\t<div class=\"elementor-widget-container\">\n\t\t\t<style>\/*! elementor - v3.12.1 - 02-04-2023 *\/\n.elementor-heading-title{padding:0;margin:0;line-height:1}.elementor-widget-heading .elementor-heading-title[class*=elementor-size-]>a{color:inherit;font-size:inherit;line-height:inherit}.elementor-widget-heading .elementor-heading-title.elementor-size-small{font-size:15px}.elementor-widget-heading .elementor-heading-title.elementor-size-medium{font-size:19px}.elementor-widget-heading .elementor-heading-title.elementor-size-large{font-size:29px}.elementor-widget-heading .elementor-heading-title.elementor-size-xl{font-size:39px}.elementor-widget-heading .elementor-heading-title.elementor-size-xxl{font-size:59px}<\/style><h2 class=\"elementor-heading-title elementor-size-default\">S\u0131k\u00e7a Sorulan Sorular<\/h2>\t\t<\/div>\n\t\t\t\t<\/div>\n\t\t\t\t<div class=\"elementor-element elementor-element-1caa0efa ob-has-background-overlay elementor-widget elementor-widget-toggle\" data-id=\"1caa0efa\" data-element_type=\"widget\" data-settings=\"{&quot;_ob_perspektive_use&quot;:&quot;no&quot;,&quot;_ob_poopart_use&quot;:&quot;yes&quot;,&quot;_ob_shadough_use&quot;:&quot;no&quot;,&quot;_ob_allow_hoveranimator&quot;:&quot;no&quot;,&quot;_ob_widget_stalker_use&quot;:&quot;no&quot;}\" data-widget_type=\"toggle.default\">\n\t\t\t\t<div class=\"elementor-widget-container\">\n\t\t\t<style>\/*! elementor - v3.12.1 - 02-04-2023 *\/\n.elementor-toggle{text-align:left}.elementor-toggle .elementor-tab-title{font-weight:700;line-height:1;margin:0;padding:15px;border-bottom:1px solid #d5d8dc;cursor:pointer;outline:none}.elementor-toggle .elementor-tab-title .elementor-toggle-icon{display:inline-block;width:1em}.elementor-toggle .elementor-tab-title .elementor-toggle-icon svg{-webkit-margin-start:-5px;margin-inline-start:-5px;width:1em;height:1em}.elementor-toggle .elementor-tab-title .elementor-toggle-icon.elementor-toggle-icon-right{float:right;text-align:right}.elementor-toggle .elementor-tab-title .elementor-toggle-icon.elementor-toggle-icon-left{float:left;text-align:left}.elementor-toggle .elementor-tab-title .elementor-toggle-icon .elementor-toggle-icon-closed{display:block}.elementor-toggle .elementor-tab-title .elementor-toggle-icon .elementor-toggle-icon-opened{display:none}.elementor-toggle .elementor-tab-title.elementor-active{border-bottom:none}.elementor-toggle .elementor-tab-title.elementor-active .elementor-toggle-icon-closed{display:none}.elementor-toggle .elementor-tab-title.elementor-active .elementor-toggle-icon-opened{display:block}.elementor-toggle .elementor-tab-content{padding:15px;border-bottom:1px solid #d5d8dc;display:none}@media (max-width:767px){.elementor-toggle .elementor-tab-title{padding:12px}.elementor-toggle .elementor-tab-content{padding:12px 10px}}.e-con-inner>.elementor-widget-toggle,.e-con>.elementor-widget-toggle{width:var(--container-widget-width);--flex-grow:var(--container-widget-flex-grow)}<\/style>\t\t<div class=\"elementor-toggle\" role=\"tablist\">\n\t\t\t\t\t\t\t<div class=\"elementor-toggle-item\">\n\t\t\t\t\t<div id=\"elementor-tab-title-4801\" class=\"elementor-tab-title\" data-tab=\"1\" role=\"tab\" aria-controls=\"elementor-tab-content-4801\" aria-expanded=\"false\">\n\t\t\t\t\t\t\t\t\t\t\t\t<span class=\"elementor-toggle-icon elementor-toggle-icon-left\" aria-hidden=\"true\">\n\t\t\t\t\t\t\t\t\t\t\t\t\t\t\t<span class=\"elementor-toggle-icon-closed\"><i class=\"fas fa-caret-right\"><\/i><\/span>\n\t\t\t\t\t\t\t\t<span class=\"elementor-toggle-icon-opened\"><i class=\"elementor-toggle-icon-opened fas fa-caret-up\"><\/i><\/span>\n\t\t\t\t\t\t\t\t\t\t\t\t\t<\/span>\n\t\t\t\t\t\t\t\t\t\t\t\t<a href=\"\" class=\"elementor-toggle-title\">Rezervasyondan sonra al\u0131naca\u011f\u0131m adreste ne kadar bekleyece\u011fim?<\/a>\n\t\t\t\t\t<\/div>\n\n\t\t\t\t\t<div id=\"elementor-tab-content-4801\" class=\"elementor-tab-content elementor-clearfix\" data-tab=\"1\" role=\"tabpanel\" aria-labelledby=\"elementor-tab-title-4801\"><p>Rezervasyon saatinizde ara\u00e7 vermi\u015f oldu\u011funuz adreste sizleri bekliyor olacakt\u0131r.<\/p><\/div>\n\t\t\t\t<\/div>\n\t\t\t\t\t\t\t<div class=\"elementor-toggle-item\">\n\t\t\t\t\t<div id=\"elementor-tab-title-4802\" class=\"elementor-tab-title\" data-tab=\"2\" role=\"tab\" aria-controls=\"elementor-tab-content-4802\" aria-expanded=\"false\">\n\t\t\t\t\t\t\t\t\t\t\t\t<span class=\"elementor-toggle-icon elementor-toggle-icon-left\" aria-hidden=\"true\">\n\t\t\t\t\t\t\t\t\t\t\t\t\t\t\t<span class=\"elementor-toggle-icon-closed\"><i class=\"fas fa-caret-right\"><\/i><\/span>\n\t\t\t\t\t\t\t\t<span class=\"elementor-toggle-icon-opened\"><i class=\"elementor-toggle-icon-opened fas fa-caret-up\"><\/i><\/span>\n\t\t\t\t\t\t\t\t\t\t\t\t\t<\/span>\n\t\t\t\t\t\t\t\t\t\t\t\t<a href=\"\" class=\"elementor-toggle-title\">Bagaj i\u00e7in bilmem gerekenler?<\/a>\n\t\t\t\t\t<\/div>\n\n\t\t\t\t\t<div id=\"elementor-tab-content-4802\" class=\"elementor-tab-content elementor-clearfix\" data-tab=\"2\" role=\"tabpanel\" aria-labelledby=\"elementor-tab-title-4802\"><p>\u00c7uval, sand\u0131k, teneke kaplar, ak\u0131c\u0131, kokucu, patlay\u0131c\u0131, radyoaktif ve yan\u0131c\u0131 maddelerin ta\u015f\u0131nmas\u0131 yasakt\u0131r. Her yolcunun maksimum 50cm x 70cm ebad\u0131nda, 30 kg a\u011f\u0131rl\u0131\u011f\u0131nda 1 bagaj hakk\u0131 vard\u0131r. Ara\u00e7 cinsinin de\u011fi\u015ftirilebilmesi i\u00e7in, fazla bagaj bilgisinin rezervasyon esnas\u0131nda bildirilmesi gerekir. Bildirilmeyen bebek arabas\u0131, bisiklet ve golf-kayak gibi spor malzemeleri kabul edilmeyecektir.<\/p><\/div>\n\t\t\t\t<\/div>\n\t\t\t\t\t\t\t<div class=\"elementor-toggle-item\">\n\t\t\t\t\t<div id=\"elementor-tab-title-4803\" class=\"elementor-tab-title\" data-tab=\"3\" role=\"tab\" aria-controls=\"elementor-tab-content-4803\" aria-expanded=\"false\">\n\t\t\t\t\t\t\t\t\t\t\t\t<span class=\"elementor-toggle-icon elementor-toggle-icon-left\" aria-hidden=\"true\">\n\t\t\t\t\t\t\t\t\t\t\t\t\t\t\t<span class=\"elementor-toggle-icon-closed\"><i class=\"fas fa-caret-right\"><\/i><\/span>\n\t\t\t\t\t\t\t\t<span class=\"elementor-toggle-icon-opened\"><i class=\"elementor-toggle-icon-opened fas fa-caret-up\"><\/i><\/span>\n\t\t\t\t\t\t\t\t\t\t\t\t\t<\/span>\n\t\t\t\t\t\t\t\t\t\t\t\t<a href=\"\" class=\"elementor-toggle-title\">U\u00e7ak saatimde sefer iptali veya r\u00f6tar olursa ne yapmal\u0131y\u0131m?<\/a>\n\t\t\t\t\t<\/div>\n\n\t\t\t\t\t<div id=\"elementor-tab-content-4803\" class=\"elementor-tab-content elementor-clearfix\" data-tab=\"3\" role=\"tabpanel\" aria-labelledby=\"elementor-tab-title-4803\"><p>U\u00e7a\u011f\u0131n\u0131z\u0131n ini\u015f saatinden 6 saat \u00f6ncesine kadar mazeretsiz olarak havaliman\u0131 transfer rezervasyonunuz i\u00e7in iptal yada de\u011fi\u015fiklik yapabilirsiniz. Belirtilen s\u00fcre dahilindeki iptal bildirimlerinde \u00f6deme yap\u0131lm\u0131\u015fsa %100 taraf\u0131n\u0131za iade edilir.<\/p><p>WhatsApp hatt\u0131m\u0131zdan kolayl\u0131kla iptal\/de\u011fi\u015fiklik bildiriminde bulunabilirsiniz.<\/p><p>R\u00f6tar konusunda ise; U\u00e7a\u011f\u0131n\u0131z r\u00f6tar yapsa bile vermi\u015f oldu\u011funuz u\u00e7u\u015f kodundan takibini sa\u011fl\u0131yoruz. U\u00e7a\u011f\u0131n\u0131z\u0131n r\u00f6tar\u0131 sebebiyle ya\u015fanan gecikmelerde ekstra \u00fccret \u00f6demezsiniz.<\/p><\/div>\n\t\t\t\t<\/div>\n\t\t\t\t\t\t\t<div class=\"elementor-toggle-item\">\n\t\t\t\t\t<div id=\"elementor-tab-title-4804\" class=\"elementor-tab-title\" data-tab=\"4\" role=\"tab\" aria-controls=\"elementor-tab-content-4804\" aria-expanded=\"false\">\n\t\t\t\t\t\t\t\t\t\t\t\t<span class=\"elementor-toggle-icon elementor-toggle-icon-left\" aria-hidden=\"true\">\n\t\t\t\t\t\t\t\t\t\t\t\t\t\t\t<span class=\"elementor-toggle-icon-closed\"><i class=\"fas fa-caret-right\"><\/i><\/span>\n\t\t\t\t\t\t\t\t<span class=\"elementor-toggle-icon-opened\"><i class=\"elementor-toggle-icon-opened fas fa-caret-up\"><\/i><\/span>\n\t\t\t\t\t\t\t\t\t\t\t\t\t<\/span>\n\t\t\t\t\t\t\t\t\t\t\t\t<a href=\"\" class=\"elementor-toggle-title\">Rezervasyon iptal ya da de\u011fi\u015fiklik kurallar\u0131 nelerdir?<\/a>\n\t\t\t\t\t<\/div>\n\n\t\t\t\t\t<div id=\"elementor-tab-content-4804\" class=\"elementor-tab-content elementor-clearfix\" data-tab=\"4\" role=\"tabpanel\" aria-labelledby=\"elementor-tab-title-4804\"><p>Transferlerinizin iptali i\u00e7in transfer saatinden 6 saat \u00f6nce internet sitemizde bulunan \u00e7a\u011fr\u0131 merkezi hatt\u0131m\u0131z\u0131 arayarak \u00dcCRETS\u0130Z de\u011fi\u015fiklik-iptal sa\u011flayabilirsiniz. Transferinizi kullanmama veya de\u011fi\u015fiklik bilgilerini iletmemeniz durumda transfer hizmetiniz yanar ve iade yap\u0131lmaz.<\/p><\/div>\n\t\t\t\t<\/div>\n\t\t\t\t\t\t\t<div class=\"elementor-toggle-item\">\n\t\t\t\t\t<div id=\"elementor-tab-title-4805\" class=\"elementor-tab-title\" data-tab=\"5\" role=\"tab\" aria-controls=\"elementor-tab-content-4805\" aria-expanded=\"false\">\n\t\t\t\t\t\t\t\t\t\t\t\t<span class=\"elementor-toggle-icon elementor-toggle-icon-left\" aria-hidden=\"true\">\n\t\t\t\t\t\t\t\t\t\t\t\t\t\t\t<span class=\"elementor-toggle-icon-closed\"><i class=\"fas fa-caret-right\"><\/i><\/span>\n\t\t\t\t\t\t\t\t<span class=\"elementor-toggle-icon-opened\"><i class=\"elementor-toggle-icon-opened fas fa-caret-up\"><\/i><\/span>\n\t\t\t\t\t\t\t\t\t\t\t\t\t<\/span>\n\t\t\t\t\t\t\t\t\t\t\t\t<a href=\"\" class=\"elementor-toggle-title\">Evcil hayvan g\u00f6t\u00fcrebilir miyim?<\/a>\n\t\t\t\t\t<\/div>\n\n\t\t\t\t\t<div id=\"elementor-tab-content-4805\" class=\"elementor-tab-content elementor-clearfix\" data-tab=\"5\" role=\"tabpanel\" aria-labelledby=\"elementor-tab-title-4805\"><p>T\u00fcm sorumluluk misafirimizin ait olaca\u011f\u0131 \u015fekilde evcil hayvan ta\u015f\u0131nabilir.<\/p><\/div>\n\t\t\t\t<\/div>\n\t\t\t\t\t\t\t<div class=\"elementor-toggle-item\">\n\t\t\t\t\t<div id=\"elementor-tab-title-4806\" class=\"elementor-tab-title\" data-tab=\"6\" role=\"tab\" aria-controls=\"elementor-tab-content-4806\" aria-expanded=\"false\">\n\t\t\t\t\t\t\t\t\t\t\t\t<span class=\"elementor-toggle-icon elementor-toggle-icon-left\" aria-hidden=\"true\">\n\t\t\t\t\t\t\t\t\t\t\t\t\t\t\t<span class=\"elementor-toggle-icon-closed\"><i class=\"fas fa-caret-right\"><\/i><\/span>\n\t\t\t\t\t\t\t\t<span class=\"elementor-toggle-icon-opened\"><i class=\"elementor-toggle-icon-opened fas fa-caret-up\"><\/i><\/span>\n\t\t\t\t\t\t\t\t\t\t\t\t\t<\/span>\n\t\t\t\t\t\t\t\t\t\t\t\t<a href=\"\" class=\"elementor-toggle-title\">Tekerlekli sandalye ile transfer olabilir miyim?<\/a>\n\t\t\t\t\t<\/div>\n\n\t\t\t\t\t<div id=\"elementor-tab-content-4806\" class=\"elementor-tab-content elementor-clearfix\" data-tab=\"6\" role=\"tabpanel\" aria-labelledby=\"elementor-tab-title-4806\"><p>Evet. Tekerli sandalye ile transfer yapabilmek i\u00e7in l\u00fctfen rezervasyon s\u0131ras\u0131nda bildiriniz.<\/p><\/div>\n\t\t\t\t<\/div>\n\t\t\t\t\t\t\t<div class=\"elementor-toggle-item\">\n\t\t\t\t\t<div id=\"elementor-tab-title-4807\" class=\"elementor-tab-title\" data-tab=\"7\" role=\"tab\" aria-controls=\"elementor-tab-content-4807\" aria-expanded=\"false\">\n\t\t\t\t\t\t\t\t\t\t\t\t<span class=\"elementor-toggle-icon elementor-toggle-icon-left\" aria-hidden=\"true\">\n\t\t\t\t\t\t\t\t\t\t\t\t\t\t\t<span class=\"elementor-toggle-icon-closed\"><i class=\"fas fa-caret-right\"><\/i><\/span>\n\t\t\t\t\t\t\t\t<span class=\"elementor-toggle-icon-opened\"><i class=\"elementor-toggle-icon-opened fas fa-caret-up\"><\/i><\/span>\n\t\t\t\t\t\t\t\t\t\t\t\t\t<\/span>\n\t\t\t\t\t\t\t\t\t\t\t\t<a href=\"\" class=\"elementor-toggle-title\">G\u00fcmr\u00fck i\u015flemleri, bagaj ya da kay\u0131p bagaj nedeniyle fazla zaman harcarsam ne yapmal\u0131y\u0131m?<\/a>\n\t\t\t\t\t<\/div>\n\n\t\t\t\t\t<div id=\"elementor-tab-content-4807\" class=\"elementor-tab-content elementor-clearfix\" data-tab=\"7\" role=\"tabpanel\" aria-labelledby=\"elementor-tab-title-4807\"><p>Bagaj ve g\u00fcmr\u00fck i\u015flemleri s\u0131ras\u0131nda 30 dakikay\u0131 ge\u00e7ecek gecikmelerde \u201cTransfer Sorumlumuza\u201d veya \u201c\u00c7a\u011fr\u0131 Merkezimize\u201d haber vermeniz gerekmektedir.<\/p><\/div>\n\t\t\t\t<\/div>\n\t\t\t\t\t\t\t<div class=\"elementor-toggle-item\">\n\t\t\t\t\t<div id=\"elementor-tab-title-4808\" class=\"elementor-tab-title\" data-tab=\"8\" role=\"tab\" aria-controls=\"elementor-tab-content-4808\" aria-expanded=\"false\">\n\t\t\t\t\t\t\t\t\t\t\t\t<span class=\"elementor-toggle-icon elementor-toggle-icon-left\" aria-hidden=\"true\">\n\t\t\t\t\t\t\t\t\t\t\t\t\t\t\t<span class=\"elementor-toggle-icon-closed\"><i class=\"fas fa-caret-right\"><\/i><\/span>\n\t\t\t\t\t\t\t\t<span class=\"elementor-toggle-icon-opened\"><i class=\"elementor-toggle-icon-opened fas fa-caret-up\"><\/i><\/span>\n\t\t\t\t\t\t\t\t\t\t\t\t\t<\/span>\n\t\t\t\t\t\t\t\t\t\t\t\t<a href=\"\" class=\"elementor-toggle-title\">Ara\u00e7ta e\u015fyam\u0131 unutursam ne yapaca\u011f\u0131m?<\/a>\n\t\t\t\t\t<\/div>\n\n\t\t\t\t\t<div id=\"elementor-tab-content-4808\" class=\"elementor-tab-content elementor-clearfix\" data-tab=\"8\" role=\"tabpanel\" aria-labelledby=\"elementor-tab-title-4808\"><p>Transferler de arac\u0131m\u0131zda unuttu\u011funuz e\u015fyalar\u0131n\u0131z i\u00e7in 15 g\u00fcn i\u00e7erisinde m\u00fc\u015fteri hizmetlerimizi arayarak diledi\u011finiz adrese \u00f6demeli kargo ile g\u00f6nderilecektir.<\/p><\/div>\n\t\t\t\t<\/div>\n\t\t\t\t\t\t\t\t<\/div>\n\t\t\t\t<\/div>\n\t\t\t\t<\/div>\n\t\t\t\t\t<\/div>\n\t\t<\/div>\n\t\t\t\t\t\t\t<\/div>\n\t\t<\/section>\n\t\t\t\t\t\t\t<\/div>\n\t\t","protected":false},"excerpt":{"rendered":"<p>S\u0131k\u00e7a Sorulan Sorular Rezervasyondan sonra al\u0131naca\u011f\u0131m adreste ne kadar bekleyece\u011fim? Rezervasyon saatinizde ara\u00e7 vermi\u015f oldu\u011funuz adreste sizleri bekliyor olacakt\u0131r. Bagaj i\u00e7in bilmem gerekenler? \u00c7uval, sand\u0131k, teneke kaplar, ak\u0131c\u0131, kokucu, patlay\u0131c\u0131, radyoaktif ve yan\u0131c\u0131 maddelerin ta\u015f\u0131nmas\u0131 yasakt\u0131r. Her yolcunun maksimum 50cm x 70cm ebad\u0131nda, 30 kg a\u011f\u0131rl\u0131\u011f\u0131nda 1 bagaj hakk\u0131 vard\u0131r. Ara\u00e7 cinsinin de\u011fi\u015ftirilebilmesi i\u00e7in, fazla [&hellip;]<\/p>\n","protected":false},"author":1,"featured_media":0,"parent":0,"menu_order":0,"comment_status":"closed","ping_status":"closed","template":"elementor_header_footer","meta":{"footnotes":""},"class_list":["post-2529","page","type-page","status-publish","hentry"],"yoast_head":"<!-- This site is optimized with the Yoast SEO plugin v20.5 - https:\/\/yoast.com\/wordpress\/plugins\/seo\/ -->\n<title>S\u0131k\u00e7a Sorulan Sorular - Ku\u015fadas\u0131 Airport Transfer<\/title>\n<meta name=\"robots\" content=\"index, follow, max-snippet:-1, max-image-preview:large, max-video-preview:-1\" \/>\n<link rel=\"canonical\" href=\"https:\/\/kusadasiairporttransfer.net\/tr\/sikca-sorulan-sorular\/\" \/>\n<meta property=\"og:locale\" content=\"tr_TR\" \/>\n<meta property=\"og:type\" content=\"article\" \/>\n<meta property=\"og:title\" content=\"S\u0131k\u00e7a Sorulan Sorular - Ku\u015fadas\u0131 Airport Transfer\" \/>\n<meta property=\"og:description\" content=\"S\u0131k\u00e7a Sorulan Sorular Rezervasyondan sonra al\u0131naca\u011f\u0131m adreste ne kadar bekleyece\u011fim? Rezervasyon saatinizde ara\u00e7 vermi\u015f oldu\u011funuz adreste sizleri bekliyor olacakt\u0131r. Bagaj i\u00e7in bilmem gerekenler? \u00c7uval, sand\u0131k, teneke kaplar, ak\u0131c\u0131, kokucu, patlay\u0131c\u0131, radyoaktif ve yan\u0131c\u0131 maddelerin ta\u015f\u0131nmas\u0131 yasakt\u0131r. Her yolcunun maksimum 50cm x 70cm ebad\u0131nda, 30 kg a\u011f\u0131rl\u0131\u011f\u0131nda 1 bagaj hakk\u0131 vard\u0131r. Ara\u00e7 cinsinin de\u011fi\u015ftirilebilmesi i\u00e7in, fazla [&hellip;]\" \/>\n<meta property=\"og:url\" content=\"https:\/\/kusadasiairporttransfer.net\/tr\/sikca-sorulan-sorular\/\" \/>\n<meta property=\"og:site_name\" content=\"Ku\u015fadas\u0131 Airport Transfer\" \/>\n<meta property=\"article:modified_time\" content=\"2023-05-04T15:05:30+00:00\" \/>\n<meta name=\"twitter:card\" content=\"summary_large_image\" \/>\n<meta name=\"twitter:label1\" content=\"Tahmini okuma s\u00fcresi\" \/>\n\t<meta name=\"twitter:data1\" content=\"2 dakika\" \/>\n<script type=\"application\/ld+json\" class=\"yoast-schema-graph\">{\"@context\":\"https:\/\/schema.org\",\"@graph\":[{\"@type\":\"WebPage\",\"@id\":\"https:\/\/kusadasiairporttransfer.net\/tr\/sikca-sorulan-sorular\/\",\"url\":\"https:\/\/kusadasiairporttransfer.net\/tr\/sikca-sorulan-sorular\/\",\"name\":\"S\u0131k\u00e7a Sorulan Sorular - Ku\u015fadas\u0131 Airport Transfer\",\"isPartOf\":{\"@id\":\"https:\/\/kusadasiairporttransfer.net\/tr\/#website\"},\"datePublished\":\"2023-04-10T15:24:15+00:00\",\"dateModified\":\"2023-05-04T15:05:30+00:00\",\"breadcrumb\":{\"@id\":\"https:\/\/kusadasiairporttransfer.net\/tr\/sikca-sorulan-sorular\/#breadcrumb\"},\"inLanguage\":\"tr\",\"potentialAction\":[{\"@type\":\"ReadAction\",\"target\":[\"https:\/\/kusadasiairporttransfer.net\/tr\/sikca-sorulan-sorular\/\"]}]},{\"@type\":\"BreadcrumbList\",\"@id\":\"https:\/\/kusadasiairporttransfer.net\/tr\/sikca-sorulan-sorular\/#breadcrumb\",\"itemListElement\":[{\"@type\":\"ListItem\",\"position\":1,\"name\":\"Anasayfa\",\"item\":\"https:\/\/kusadasiairporttransfer.net\/tr\/\"},{\"@type\":\"ListItem\",\"position\":2,\"name\":\"S\u0131k\u00e7a Sorulan Sorular\"}]},{\"@type\":\"WebSite\",\"@id\":\"https:\/\/kusadasiairporttransfer.net\/tr\/#website\",\"url\":\"https:\/\/kusadasiairporttransfer.net\/tr\/\",\"name\":\"Ku\u015fadas\u0131 Airport Transfer\",\"description\":\"\",\"potentialAction\":[{\"@type\":\"SearchAction\",\"target\":{\"@type\":\"EntryPoint\",\"urlTemplate\":\"https:\/\/kusadasiairporttransfer.net\/tr\/?s={search_term_string}\"},\"query-input\":\"required name=search_term_string\"}],\"inLanguage\":\"tr\"}]}<\/script>\n<!-- \/ Yoast SEO plugin. -->","yoast_head_json":{"title":"S\u0131k\u00e7a Sorulan Sorular - Ku\u015fadas\u0131 Airport Transfer","robots":{"index":"index","follow":"follow","max-snippet":"max-snippet:-1","max-image-preview":"max-image-preview:large","max-video-preview":"max-video-preview:-1"},"canonical":"https:\/\/kusadasiairporttransfer.net\/tr\/sikca-sorulan-sorular\/","og_locale":"tr_TR","og_type":"article","og_title":"S\u0131k\u00e7a Sorulan Sorular - Ku\u015fadas\u0131 Airport Transfer","og_description":"S\u0131k\u00e7a Sorulan Sorular Rezervasyondan sonra al\u0131naca\u011f\u0131m adreste ne kadar bekleyece\u011fim? Rezervasyon saatinizde ara\u00e7 vermi\u015f oldu\u011funuz adreste sizleri bekliyor olacakt\u0131r. Bagaj i\u00e7in bilmem gerekenler? \u00c7uval, sand\u0131k, teneke kaplar, ak\u0131c\u0131, kokucu, patlay\u0131c\u0131, radyoaktif ve yan\u0131c\u0131 maddelerin ta\u015f\u0131nmas\u0131 yasakt\u0131r. Her yolcunun maksimum 50cm x 70cm ebad\u0131nda, 30 kg a\u011f\u0131rl\u0131\u011f\u0131nda 1 bagaj hakk\u0131 vard\u0131r. Ara\u00e7 cinsinin de\u011fi\u015ftirilebilmesi i\u00e7in, fazla [&hellip;]","og_url":"https:\/\/kusadasiairporttransfer.net\/tr\/sikca-sorulan-sorular\/","og_site_name":"Ku\u015fadas\u0131 Airport Transfer","article_modified_time":"2023-05-04T15:05:30+00:00","twitter_card":"summary_large_image","twitter_misc":{"Tahmini okuma s\u00fcresi":"2 dakika"},"schema":{"@context":"https:\/\/schema.org","@graph":[{"@type":"WebPage","@id":"https:\/\/kusadasiairporttransfer.net\/tr\/sikca-sorulan-sorular\/","url":"https:\/\/kusadasiairporttransfer.net\/tr\/sikca-sorulan-sorular\/","name":"S\u0131k\u00e7a Sorulan Sorular - Ku\u015fadas\u0131 Airport Transfer","isPartOf":{"@id":"https:\/\/kusadasiairporttransfer.net\/tr\/#website"},"datePublished":"2023-04-10T15:24:15+00:00","dateModified":"2023-05-04T15:05:30+00:00","breadcrumb":{"@id":"https:\/\/kusadasiairporttransfer.net\/tr\/sikca-sorulan-sorular\/#breadcrumb"},"inLanguage":"tr","potentialAction":[{"@type":"ReadAction","target":["https:\/\/kusadasiairporttransfer.net\/tr\/sikca-sorulan-sorular\/"]}]},{"@type":"BreadcrumbList","@id":"https:\/\/kusadasiairporttransfer.net\/tr\/sikca-sorulan-sorular\/#breadcrumb","itemListElement":[{"@type":"ListItem","position":1,"name":"Anasayfa","item":"https:\/\/kusadasiairporttransfer.net\/tr\/"},{"@type":"ListItem","position":2,"name":"S\u0131k\u00e7a Sorulan Sorular"}]},{"@type":"WebSite","@id":"https:\/\/kusadasiairporttransfer.net\/tr\/#website","url":"https:\/\/kusadasiairporttransfer.net\/tr\/","name":"Ku\u015fadas\u0131 Airport Transfer","description":"","potentialAction":[{"@type":"SearchAction","target":{"@type":"EntryPoint","urlTemplate":"https:\/\/kusadasiairporttransfer.net\/tr\/?s={search_term_string}"},"query-input":"required name=search_term_string"}],"inLanguage":"tr"}]}},"_links":{"self":[{"href":"https:\/\/kusadasiairporttransfer.net\/tr\/wp-json\/wp\/v2\/pages\/2529","targetHints":{"allow":["GET"]}}],"collection":[{"href":"https:\/\/kusadasiairporttransfer.net\/tr\/wp-json\/wp\/v2\/pages"}],"about":[{"href":"https:\/\/kusadasiairporttransfer.net\/tr\/wp-json\/wp\/v2\/types\/page"}],"author":[{"embeddable":true,"href":"https:\/\/kusadasiairporttransfer.net\/tr\/wp-json\/wp\/v2\/users\/1"}],"replies":[{"embeddable":true,"href":"https:\/\/kusadasiairporttransfer.net\/tr\/wp-json\/wp\/v2\/comments?post=2529"}],"version-history":[{"count":10,"href":"https:\/\/kusadasiairporttransfer.net\/tr\/wp-json\/wp\/v2\/pages\/2529\/revisions"}],"predecessor-version":[{"id":3528,"href":"https:\/\/kusadasiairporttransfer.net\/tr\/wp-json\/wp\/v2\/pages\/2529\/revisions\/3528"}],"wp:attachment":[{"href":"https:\/\/kusadasiairporttransfer.net\/tr\/wp-json\/wp\/v2\/media?parent=2529"}],"curies":[{"name":"wp","href":"https:\/\/api.w.org\/{rel}","templated":true}]}}