{"id":2538,"date":"2023-04-10T18:26:33","date_gmt":"2023-04-10T15:26:33","guid":{"rendered":"https:\/\/kus.siteyse.com\/?page_id=2538"},"modified":"2023-04-10T18:41:28","modified_gmt":"2023-04-10T15:41:28","slug":"banka-hesap-bilgileri","status":"publish","type":"page","link":"https:\/\/kusadasiairporttransfer.net\/tr\/banka-hesap-bilgileri\/","title":{"rendered":"Banka Hesap Bilgileri"},"content":{"rendered":"\t\t<div data-elementor-type=\"wp-page\" data-elementor-id=\"2538\" class=\"elementor elementor-2538\">\n\t\t\t\t\t\t\t\t\t<section class=\"ob-is-breaking-bad elementor-section elementor-top-section elementor-element elementor-element-19ec02 elementor-section-boxed elementor-section-height-default elementor-section-height-default\" data-id=\"19ec02\" data-element_type=\"section\" data-settings=\"{&quot;_ob_bbad_use_it&quot;:&quot;yes&quot;,&quot;_ob_bbad_sssic_use&quot;:&quot;no&quot;,&quot;_ob_glider_is_slider&quot;:&quot;no&quot;}\">\n\t\t\t\t\t\t<div class=\"elementor-container elementor-column-gap-default\">\n\t\t\t\t\t<div class=\"elementor-column elementor-col-100 elementor-top-column elementor-element elementor-element-27c3dbe1\" data-id=\"27c3dbe1\" data-element_type=\"column\" data-settings=\"{&quot;_ob_bbad_is_stalker&quot;:&quot;no&quot;,&quot;_ob_teleporter_use&quot;:false,&quot;_ob_column_hoveranimator&quot;:&quot;no&quot;,&quot;_ob_column_has_pseudo&quot;:&quot;no&quot;}\">\n\t\t\t<div class=\"elementor-widget-wrap elementor-element-populated\">\n\t\t\t\t\t\t\t\t<div class=\"elementor-element elementor-element-7ae59416 ob-harakiri-inherit ob-has-background-overlay elementor-widget elementor-widget-heading\" data-id=\"7ae59416\" data-element_type=\"widget\" data-settings=\"{&quot;_ob_use_harakiri&quot;:&quot;yes&quot;,&quot;_ob_harakiri_writing_mode&quot;:&quot;inherit&quot;,&quot;_ob_harakiri_text_clip&quot;:&quot;none&quot;,&quot;_ob_perspektive_use&quot;:&quot;no&quot;,&quot;_ob_poopart_use&quot;:&quot;yes&quot;,&quot;_ob_shadough_use&quot;:&quot;no&quot;,&quot;_ob_allow_hoveranimator&quot;:&quot;no&quot;,&quot;_ob_widget_stalker_use&quot;:&quot;no&quot;}\" data-widget_type=\"heading.default\">\n\t\t\t\t<div class=\"elementor-widget-container\">\n\t\t\t<style>\/*! elementor - v3.12.1 - 02-04-2023 *\/\n.elementor-heading-title{padding:0;margin:0;line-height:1}.elementor-widget-heading .elementor-heading-title[class*=elementor-size-]>a{color:inherit;font-size:inherit;line-height:inherit}.elementor-widget-heading .elementor-heading-title.elementor-size-small{font-size:15px}.elementor-widget-heading .elementor-heading-title.elementor-size-medium{font-size:19px}.elementor-widget-heading .elementor-heading-title.elementor-size-large{font-size:29px}.elementor-widget-heading .elementor-heading-title.elementor-size-xl{font-size:39px}.elementor-widget-heading .elementor-heading-title.elementor-size-xxl{font-size:59px}<\/style><h2 class=\"elementor-heading-title elementor-size-default\">Banka Hesap Numaralar\u0131m\u0131z<\/h2>\t\t<\/div>\n\t\t\t\t<\/div>\n\t\t\t\t<section class=\"ob-is-breaking-bad ob-bb-inner elementor-section elementor-inner-section elementor-element elementor-element-195cca25 elementor-section-boxed elementor-section-height-default elementor-section-height-default\" data-id=\"195cca25\" data-element_type=\"section\" data-settings=\"{&quot;_ob_bbad_use_it&quot;:&quot;yes&quot;,&quot;_ob_bbad_sssic_use&quot;:&quot;no&quot;,&quot;_ob_glider_is_slider&quot;:&quot;no&quot;}\">\n\t\t\t\t\t\t<div class=\"elementor-container elementor-column-gap-default\">\n\t\t\t\t\t<div class=\"elementor-column elementor-col-33 elementor-inner-column elementor-element elementor-element-77887204\" data-id=\"77887204\" data-element_type=\"column\" data-settings=\"{&quot;_ob_bbad_is_stalker&quot;:&quot;no&quot;,&quot;_ob_teleporter_use&quot;:false,&quot;_ob_column_hoveranimator&quot;:&quot;no&quot;,&quot;_ob_column_has_pseudo&quot;:&quot;no&quot;}\">\n\t\t\t<div class=\"elementor-widget-wrap elementor-element-populated\">\n\t\t\t\t\t\t\t\t<div class=\"elementor-element elementor-element-3c56f69a ob-harakiri-inherit ob-has-background-overlay elementor-widget elementor-widget-text-editor\" data-id=\"3c56f69a\" data-element_type=\"widget\" data-settings=\"{&quot;_ob_use_harakiri&quot;:&quot;yes&quot;,&quot;_ob_harakiri_writing_mode&quot;:&quot;inherit&quot;,&quot;_ob_postman_use&quot;:&quot;no&quot;,&quot;_ob_perspektive_use&quot;:&quot;no&quot;,&quot;_ob_poopart_use&quot;:&quot;yes&quot;,&quot;_ob_shadough_use&quot;:&quot;no&quot;,&quot;_ob_allow_hoveranimator&quot;:&quot;no&quot;,&quot;_ob_widget_stalker_use&quot;:&quot;no&quot;}\" data-widget_type=\"text-editor.default\">\n\t\t\t\t<div class=\"elementor-widget-container\">\n\t\t\t<style>\/*! elementor - v3.12.1 - 02-04-2023 *\/\n.elementor-widget-text-editor.elementor-drop-cap-view-stacked .elementor-drop-cap{background-color:#69727d;color:#fff}.elementor-widget-text-editor.elementor-drop-cap-view-framed .elementor-drop-cap{color:#69727d;border:3px solid;background-color:transparent}.elementor-widget-text-editor:not(.elementor-drop-cap-view-default) .elementor-drop-cap{margin-top:8px}.elementor-widget-text-editor:not(.elementor-drop-cap-view-default) .elementor-drop-cap-letter{width:1em;height:1em}.elementor-widget-text-editor .elementor-drop-cap{float:left;text-align:center;line-height:1;font-size:50px}.elementor-widget-text-editor .elementor-drop-cap-letter{display:inline-block}<\/style>\t\t\t\t<p><strong>DEN\u0130Z BANK (DOLAR)<\/strong><\/p><p>Al\u0131c\u0131: Salih Do\u011fru<\/p><p><strong>\u015eube<\/strong><br \/>Adnan Menderes Havaliman\u0131<\/p><p><strong>Hesap No<\/strong><br \/>1565 15027413 353<\/p><p><strong>IBAN<\/strong><br \/>TR63 0013 4000 0150 2741 3000 02<\/p>\t\t\t\t\t\t<\/div>\n\t\t\t\t<\/div>\n\t\t\t\t\t<\/div>\n\t\t<\/div>\n\t\t\t\t<div class=\"elementor-column elementor-col-33 elementor-inner-column elementor-element elementor-element-4457ff77\" data-id=\"4457ff77\" data-element_type=\"column\" data-settings=\"{&quot;_ob_bbad_is_stalker&quot;:&quot;no&quot;,&quot;_ob_teleporter_use&quot;:false,&quot;_ob_column_hoveranimator&quot;:&quot;no&quot;,&quot;_ob_column_has_pseudo&quot;:&quot;no&quot;}\">\n\t\t\t<div class=\"elementor-widget-wrap elementor-element-populated\">\n\t\t\t\t\t\t\t\t<div class=\"elementor-element elementor-element-322d091f ob-harakiri-inherit ob-has-background-overlay elementor-widget elementor-widget-text-editor\" data-id=\"322d091f\" data-element_type=\"widget\" data-settings=\"{&quot;_ob_use_harakiri&quot;:&quot;yes&quot;,&quot;_ob_harakiri_writing_mode&quot;:&quot;inherit&quot;,&quot;_ob_postman_use&quot;:&quot;no&quot;,&quot;_ob_perspektive_use&quot;:&quot;no&quot;,&quot;_ob_poopart_use&quot;:&quot;yes&quot;,&quot;_ob_shadough_use&quot;:&quot;no&quot;,&quot;_ob_allow_hoveranimator&quot;:&quot;no&quot;,&quot;_ob_widget_stalker_use&quot;:&quot;no&quot;}\" data-widget_type=\"text-editor.default\">\n\t\t\t\t<div class=\"elementor-widget-container\">\n\t\t\t\t\t\t\t<p><strong>DEN\u0130Z BANK (EURO)<\/strong><\/p><p>Al\u0131c\u0131: Salih Do\u011fru<\/p><p><strong>\u015eube<\/strong><br \/>Adnan Menderes Havaliman\u0131<\/p><p><strong>Hesap No<\/strong><br \/>1565 15027413 354<\/p><p><strong>IBAN<\/strong><br \/>TR63 0013 4000 0150 2741 3000 03<\/p>\t\t\t\t\t\t<\/div>\n\t\t\t\t<\/div>\n\t\t\t\t\t<\/div>\n\t\t<\/div>\n\t\t\t\t<div class=\"elementor-column elementor-col-33 elementor-inner-column elementor-element elementor-element-125654b5\" data-id=\"125654b5\" data-element_type=\"column\" data-settings=\"{&quot;_ob_bbad_is_stalker&quot;:&quot;no&quot;,&quot;_ob_teleporter_use&quot;:false,&quot;_ob_column_hoveranimator&quot;:&quot;no&quot;,&quot;_ob_column_has_pseudo&quot;:&quot;no&quot;}\">\n\t\t\t<div class=\"elementor-widget-wrap elementor-element-populated\">\n\t\t\t\t\t\t\t\t<div class=\"elementor-element elementor-element-59d4f6c4 ob-harakiri-inherit ob-has-background-overlay elementor-widget elementor-widget-text-editor\" data-id=\"59d4f6c4\" data-element_type=\"widget\" data-settings=\"{&quot;_ob_use_harakiri&quot;:&quot;yes&quot;,&quot;_ob_harakiri_writing_mode&quot;:&quot;inherit&quot;,&quot;_ob_postman_use&quot;:&quot;no&quot;,&quot;_ob_perspektive_use&quot;:&quot;no&quot;,&quot;_ob_poopart_use&quot;:&quot;yes&quot;,&quot;_ob_shadough_use&quot;:&quot;no&quot;,&quot;_ob_allow_hoveranimator&quot;:&quot;no&quot;,&quot;_ob_widget_stalker_use&quot;:&quot;no&quot;}\" data-widget_type=\"text-editor.default\">\n\t\t\t\t<div class=\"elementor-widget-container\">\n\t\t\t\t\t\t\t<p><strong>DEN\u0130Z BANK (GBP)<\/strong><\/p><p>Al\u0131c\u0131: Salih Do\u011fru<\/p><p><strong>\u015eube<\/strong><br \/>Adnan Menderes Havaliman\u0131<\/p><p><strong>Hesap No<\/strong><br \/>1565 15027413 355<\/p><p><strong>IBAN<\/strong><br \/>TR63 0013 4000 0150 2741 3000 04<\/p>\t\t\t\t\t\t<\/div>\n\t\t\t\t<\/div>\n\t\t\t\t\t<\/div>\n\t\t<\/div>\n\t\t\t\t\t\t\t<\/div>\n\t\t<\/section>\n\t\t\t\t\t<\/div>\n\t\t<\/div>\n\t\t\t\t\t\t\t<\/div>\n\t\t<\/section>\n\t\t\t\t\t\t\t<\/div>\n\t\t","protected":false},"excerpt":{"rendered":"<p>Banka Hesap Numaralar\u0131m\u0131z DEN\u0130Z BANK (DOLAR) Al\u0131c\u0131: Salih Do\u011fru \u015eubeAdnan Menderes Havaliman\u0131 Hesap No1565 15027413 353 IBANTR63 0013 4000 0150 2741 3000 02 DEN\u0130Z BANK (EURO) Al\u0131c\u0131: Salih Do\u011fru \u015eubeAdnan Menderes Havaliman\u0131 Hesap No1565 15027413 354 IBANTR63 0013 4000 0150 2741 3000 03 DEN\u0130Z BANK (GBP) Al\u0131c\u0131: Salih Do\u011fru \u015eubeAdnan Menderes Havaliman\u0131 Hesap No1565 15027413 [&hellip;]<\/p>\n","protected":false},"author":1,"featured_media":0,"parent":0,"menu_order":0,"comment_status":"closed","ping_status":"closed","template":"elementor_header_footer","meta":{"footnotes":""},"class_list":["post-2538","page","type-page","status-publish","hentry"],"yoast_head":"<!-- This site is optimized with the Yoast SEO plugin v20.5 - https:\/\/yoast.com\/wordpress\/plugins\/seo\/ -->\n<title>Banka Hesap Bilgileri - Ku\u015fadas\u0131 Airport Transfer<\/title>\n<meta name=\"robots\" content=\"index, follow, max-snippet:-1, max-image-preview:large, max-video-preview:-1\" \/>\n<link rel=\"canonical\" href=\"https:\/\/kusadasiairporttransfer.net\/tr\/banka-hesap-bilgileri\/\" \/>\n<meta property=\"og:locale\" content=\"tr_TR\" \/>\n<meta property=\"og:type\" content=\"article\" \/>\n<meta property=\"og:title\" content=\"Banka Hesap Bilgileri - Ku\u015fadas\u0131 Airport Transfer\" \/>\n<meta property=\"og:description\" content=\"Banka Hesap Numaralar\u0131m\u0131z DEN\u0130Z BANK (DOLAR) Al\u0131c\u0131: Salih Do\u011fru \u015eubeAdnan Menderes Havaliman\u0131 Hesap No1565 15027413 353 IBANTR63 0013 4000 0150 2741 3000 02 DEN\u0130Z BANK (EURO) Al\u0131c\u0131: Salih Do\u011fru \u015eubeAdnan Menderes Havaliman\u0131 Hesap No1565 15027413 354 IBANTR63 0013 4000 0150 2741 3000 03 DEN\u0130Z BANK (GBP) Al\u0131c\u0131: Salih Do\u011fru \u015eubeAdnan Menderes Havaliman\u0131 Hesap No1565 15027413 [&hellip;]\" \/>\n<meta property=\"og:url\" content=\"https:\/\/kusadasiairporttransfer.net\/tr\/banka-hesap-bilgileri\/\" \/>\n<meta property=\"og:site_name\" content=\"Ku\u015fadas\u0131 Airport Transfer\" \/>\n<meta property=\"article:modified_time\" content=\"2023-04-10T15:41:28+00:00\" \/>\n<meta name=\"twitter:card\" content=\"summary_large_image\" \/>\n<script type=\"application\/ld+json\" class=\"yoast-schema-graph\">{\"@context\":\"https:\/\/schema.org\",\"@graph\":[{\"@type\":\"WebPage\",\"@id\":\"https:\/\/kusadasiairporttransfer.net\/tr\/banka-hesap-bilgileri\/\",\"url\":\"https:\/\/kusadasiairporttransfer.net\/tr\/banka-hesap-bilgileri\/\",\"name\":\"Banka Hesap Bilgileri - Ku\u015fadas\u0131 Airport Transfer\",\"isPartOf\":{\"@id\":\"https:\/\/kusadasiairporttransfer.net\/tr\/#website\"},\"datePublished\":\"2023-04-10T15:26:33+00:00\",\"dateModified\":\"2023-04-10T15:41:28+00:00\",\"breadcrumb\":{\"@id\":\"https:\/\/kusadasiairporttransfer.net\/tr\/banka-hesap-bilgileri\/#breadcrumb\"},\"inLanguage\":\"tr\",\"potentialAction\":[{\"@type\":\"ReadAction\",\"target\":[\"https:\/\/kusadasiairporttransfer.net\/tr\/banka-hesap-bilgileri\/\"]}]},{\"@type\":\"BreadcrumbList\",\"@id\":\"https:\/\/kusadasiairporttransfer.net\/tr\/banka-hesap-bilgileri\/#breadcrumb\",\"itemListElement\":[{\"@type\":\"ListItem\",\"position\":1,\"name\":\"Anasayfa\",\"item\":\"https:\/\/kusadasiairporttransfer.net\/tr\/\"},{\"@type\":\"ListItem\",\"position\":2,\"name\":\"Banka Hesap Bilgileri\"}]},{\"@type\":\"WebSite\",\"@id\":\"https:\/\/kusadasiairporttransfer.net\/tr\/#website\",\"url\":\"https:\/\/kusadasiairporttransfer.net\/tr\/\",\"name\":\"Ku\u015fadas\u0131 Airport Transfer\",\"description\":\"\",\"potentialAction\":[{\"@type\":\"SearchAction\",\"target\":{\"@type\":\"EntryPoint\",\"urlTemplate\":\"https:\/\/kusadasiairporttransfer.net\/tr\/?s={search_term_string}\"},\"query-input\":\"required name=search_term_string\"}],\"inLanguage\":\"tr\"}]}<\/script>\n<!-- \/ Yoast SEO plugin. -->","yoast_head_json":{"title":"Banka Hesap Bilgileri - Ku\u015fadas\u0131 Airport Transfer","robots":{"index":"index","follow":"follow","max-snippet":"max-snippet:-1","max-image-preview":"max-image-preview:large","max-video-preview":"max-video-preview:-1"},"canonical":"https:\/\/kusadasiairporttransfer.net\/tr\/banka-hesap-bilgileri\/","og_locale":"tr_TR","og_type":"article","og_title":"Banka Hesap Bilgileri - Ku\u015fadas\u0131 Airport Transfer","og_description":"Banka Hesap Numaralar\u0131m\u0131z DEN\u0130Z BANK (DOLAR) Al\u0131c\u0131: Salih Do\u011fru \u015eubeAdnan Menderes Havaliman\u0131 Hesap No1565 15027413 353 IBANTR63 0013 4000 0150 2741 3000 02 DEN\u0130Z BANK (EURO) Al\u0131c\u0131: Salih Do\u011fru \u015eubeAdnan Menderes Havaliman\u0131 Hesap No1565 15027413 354 IBANTR63 0013 4000 0150 2741 3000 03 DEN\u0130Z BANK (GBP) Al\u0131c\u0131: Salih Do\u011fru \u015eubeAdnan Menderes Havaliman\u0131 Hesap No1565 15027413 [&hellip;]","og_url":"https:\/\/kusadasiairporttransfer.net\/tr\/banka-hesap-bilgileri\/","og_site_name":"Ku\u015fadas\u0131 Airport Transfer","article_modified_time":"2023-04-10T15:41:28+00:00","twitter_card":"summary_large_image","schema":{"@context":"https:\/\/schema.org","@graph":[{"@type":"WebPage","@id":"https:\/\/kusadasiairporttransfer.net\/tr\/banka-hesap-bilgileri\/","url":"https:\/\/kusadasiairporttransfer.net\/tr\/banka-hesap-bilgileri\/","name":"Banka Hesap Bilgileri - Ku\u015fadas\u0131 Airport Transfer","isPartOf":{"@id":"https:\/\/kusadasiairporttransfer.net\/tr\/#website"},"datePublished":"2023-04-10T15:26:33+00:00","dateModified":"2023-04-10T15:41:28+00:00","breadcrumb":{"@id":"https:\/\/kusadasiairporttransfer.net\/tr\/banka-hesap-bilgileri\/#breadcrumb"},"inLanguage":"tr","potentialAction":[{"@type":"ReadAction","target":["https:\/\/kusadasiairporttransfer.net\/tr\/banka-hesap-bilgileri\/"]}]},{"@type":"BreadcrumbList","@id":"https:\/\/kusadasiairporttransfer.net\/tr\/banka-hesap-bilgileri\/#breadcrumb","itemListElement":[{"@type":"ListItem","position":1,"name":"Anasayfa","item":"https:\/\/kusadasiairporttransfer.net\/tr\/"},{"@type":"ListItem","position":2,"name":"Banka Hesap Bilgileri"}]},{"@type":"WebSite","@id":"https:\/\/kusadasiairporttransfer.net\/tr\/#website","url":"https:\/\/kusadasiairporttransfer.net\/tr\/","name":"Ku\u015fadas\u0131 Airport Transfer","description":"","potentialAction":[{"@type":"SearchAction","target":{"@type":"EntryPoint","urlTemplate":"https:\/\/kusadasiairporttransfer.net\/tr\/?s={search_term_string}"},"query-input":"required name=search_term_string"}],"inLanguage":"tr"}]}},"_links":{"self":[{"href":"https:\/\/kusadasiairporttransfer.net\/tr\/wp-json\/wp\/v2\/pages\/2538","targetHints":{"allow":["GET"]}}],"collection":[{"href":"https:\/\/kusadasiairporttransfer.net\/tr\/wp-json\/wp\/v2\/pages"}],"about":[{"href":"https:\/\/kusadasiairporttransfer.net\/tr\/wp-json\/wp\/v2\/types\/page"}],"author":[{"embeddable":true,"href":"https:\/\/kusadasiairporttransfer.net\/tr\/wp-json\/wp\/v2\/users\/1"}],"replies":[{"embeddable":true,"href":"https:\/\/kusadasiairporttransfer.net\/tr\/wp-json\/wp\/v2\/comments?post=2538"}],"version-history":[{"count":4,"href":"https:\/\/kusadasiairporttransfer.net\/tr\/wp-json\/wp\/v2\/pages\/2538\/revisions"}],"predecessor-version":[{"id":2546,"href":"https:\/\/kusadasiairporttransfer.net\/tr\/wp-json\/wp\/v2\/pages\/2538\/revisions\/2546"}],"wp:attachment":[{"href":"https:\/\/kusadasiairporttransfer.net\/tr\/wp-json\/wp\/v2\/media?parent=2538"}],"curies":[{"name":"wp","href":"https:\/\/api.w.org\/{rel}","templated":true}]}}