{"id":3946,"date":"2025-01-18T15:01:45","date_gmt":"2025-01-18T12:01:45","guid":{"rendered":"https:\/\/kusadasiairporttransfer.net\/tr\/?page_id=3946"},"modified":"2025-01-18T15:21:22","modified_gmt":"2025-01-18T12:21:22","slug":"blog-2","status":"publish","type":"page","link":"https:\/\/kusadasiairporttransfer.net\/tr\/blog-2\/","title":{"rendered":"BLOG"},"content":{"rendered":"<p><strong>Ku\u015fadas\u0131<\/strong><\/p>\n<h6>Ku\u015fadas\u0131 is a resort town located on the Aegean coast of Turkey, in the province of Ayd\u0131n. It is a popular tourist destination, known for its beautiful beaches, nightlife, and proximity to historical sites such as the ancient city of Ephesus. Some of the most popular attractions in Ku\u015fadas\u0131 include the long sandy beaches, the lively bazaar where visitors can shop for souvenirs and local products, and the picturesque marina where boats depart for daily tours of the surrounding coastline and islands. Ku\u015fadas\u0131 also has a rich cultural heritage, with numerous historic sites and landmarks. One of the most popular is the ancient city of Ephesus, a UNESCO World Heritage site that was once one of the most important cities of the ancient world. Other nearby historical sites include the Temple of Artemis, the House of the Virgin Mary, and the Basilica of St. John. Overall, Ku\u015fadas\u0131 is a great destination for anyone looking to relax on beautiful beaches, experience Turkish culture and history, and enjoy a lively nightlife.<\/h6>\n<div class=\"elementor-column elementor-col-50 elementor-top-column elementor-element elementor-element-6a7db788 ob-is-e3\" data-id=\"6a7db788\" data-element_type=\"column\" data-settings=\"{&quot;_ob_bbad_is_stalker&quot;:&quot;no&quot;,&quot;_ob_teleporter_use&quot;:false,&quot;_ob_column_hoveranimator&quot;:&quot;no&quot;,&quot;_ob_column_has_pseudo&quot;:&quot;no&quot;}\">\n<div class=\"elementor-widget-wrap elementor-element-populated\">\n<div class=\"elementor-element elementor-element-7b793940 ob-harakiri-inherit ob-has-background-overlay elementor-widget elementor-widget-heading ob-harakiri\" data-id=\"7b793940\" data-element_type=\"widget\" data-settings=\"{&quot;_ob_use_harakiri&quot;:&quot;yes&quot;,&quot;_ob_harakiri_writing_mode&quot;:&quot;inherit&quot;,&quot;_ob_harakiri_text_clip&quot;:&quot;none&quot;,&quot;_ob_perspektive_use&quot;:&quot;no&quot;,&quot;_ob_poopart_use&quot;:&quot;yes&quot;,&quot;_ob_shadough_use&quot;:&quot;no&quot;,&quot;_ob_allow_hoveranimator&quot;:&quot;no&quot;,&quot;_ob_widget_stalker_use&quot;:&quot;no&quot;}\" data-widget_type=\"heading.default\">\n<div class=\"elementor-widget-container\">\n<pre><\/pre>\n<\/div>\n<\/div>\n<\/div>\n<\/div>\n<p>&nbsp;<\/p>\n<p>&nbsp;<\/p>\n","protected":false},"excerpt":{"rendered":"<p>Ku\u015fadas\u0131 Ku\u015fadas\u0131 is a resort town located on the Aegean coast of Turkey, in the province of Ayd\u0131n. It is a popular tourist destination, known for its beautiful beaches, nightlife, and proximity to historical sites such as the ancient city of Ephesus. Some of the most popular attractions in Ku\u015fadas\u0131 include the long sandy beaches, [&hellip;]<\/p>\n","protected":false},"author":2,"featured_media":0,"parent":0,"menu_order":0,"comment_status":"closed","ping_status":"closed","template":"","meta":{"footnotes":""},"class_list":["post-3946","page","type-page","status-publish","hentry"],"yoast_head":"<!-- This site is optimized with the Yoast SEO plugin v20.5 - https:\/\/yoast.com\/wordpress\/plugins\/seo\/ -->\n<title>BLOG - Ku\u015fadas\u0131 Airport Transfer<\/title>\n<meta name=\"robots\" content=\"index, follow, max-snippet:-1, max-image-preview:large, max-video-preview:-1\" \/>\n<link rel=\"canonical\" href=\"https:\/\/kusadasiairporttransfer.net\/tr\/blog-2\/\" \/>\n<meta property=\"og:locale\" content=\"tr_TR\" \/>\n<meta property=\"og:type\" content=\"article\" \/>\n<meta property=\"og:title\" content=\"BLOG - Ku\u015fadas\u0131 Airport Transfer\" \/>\n<meta property=\"og:description\" content=\"Ku\u015fadas\u0131 Ku\u015fadas\u0131 is a resort town located on the Aegean coast of Turkey, in the province of Ayd\u0131n. It is a popular tourist destination, known for its beautiful beaches, nightlife, and proximity to historical sites such as the ancient city of Ephesus. Some of the most popular attractions in Ku\u015fadas\u0131 include the long sandy beaches, [&hellip;]\" \/>\n<meta property=\"og:url\" content=\"https:\/\/kusadasiairporttransfer.net\/tr\/blog-2\/\" \/>\n<meta property=\"og:site_name\" content=\"Ku\u015fadas\u0131 Airport Transfer\" \/>\n<meta property=\"article:modified_time\" content=\"2025-01-18T12:21:22+00:00\" \/>\n<meta name=\"twitter:card\" content=\"summary_large_image\" \/>\n<meta name=\"twitter:label1\" content=\"Tahmini okuma s\u00fcresi\" \/>\n\t<meta name=\"twitter:data1\" content=\"2 dakika\" \/>\n<script type=\"application\/ld+json\" class=\"yoast-schema-graph\">{\"@context\":\"https:\/\/schema.org\",\"@graph\":[{\"@type\":\"WebPage\",\"@id\":\"https:\/\/kusadasiairporttransfer.net\/tr\/blog-2\/\",\"url\":\"https:\/\/kusadasiairporttransfer.net\/tr\/blog-2\/\",\"name\":\"BLOG - Ku\u015fadas\u0131 Airport Transfer\",\"isPartOf\":{\"@id\":\"https:\/\/kusadasiairporttransfer.net\/tr\/#website\"},\"datePublished\":\"2025-01-18T12:01:45+00:00\",\"dateModified\":\"2025-01-18T12:21:22+00:00\",\"breadcrumb\":{\"@id\":\"https:\/\/kusadasiairporttransfer.net\/tr\/blog-2\/#breadcrumb\"},\"inLanguage\":\"tr\",\"potentialAction\":[{\"@type\":\"ReadAction\",\"target\":[\"https:\/\/kusadasiairporttransfer.net\/tr\/blog-2\/\"]}]},{\"@type\":\"BreadcrumbList\",\"@id\":\"https:\/\/kusadasiairporttransfer.net\/tr\/blog-2\/#breadcrumb\",\"itemListElement\":[{\"@type\":\"ListItem\",\"position\":1,\"name\":\"Anasayfa\",\"item\":\"https:\/\/kusadasiairporttransfer.net\/tr\/\"},{\"@type\":\"ListItem\",\"position\":2,\"name\":\"BLOG\"}]},{\"@type\":\"WebSite\",\"@id\":\"https:\/\/kusadasiairporttransfer.net\/tr\/#website\",\"url\":\"https:\/\/kusadasiairporttransfer.net\/tr\/\",\"name\":\"Ku\u015fadas\u0131 Airport Transfer\",\"description\":\"\",\"potentialAction\":[{\"@type\":\"SearchAction\",\"target\":{\"@type\":\"EntryPoint\",\"urlTemplate\":\"https:\/\/kusadasiairporttransfer.net\/tr\/?s={search_term_string}\"},\"query-input\":\"required name=search_term_string\"}],\"inLanguage\":\"tr\"}]}<\/script>\n<!-- \/ Yoast SEO plugin. -->","yoast_head_json":{"title":"BLOG - Ku\u015fadas\u0131 Airport Transfer","robots":{"index":"index","follow":"follow","max-snippet":"max-snippet:-1","max-image-preview":"max-image-preview:large","max-video-preview":"max-video-preview:-1"},"canonical":"https:\/\/kusadasiairporttransfer.net\/tr\/blog-2\/","og_locale":"tr_TR","og_type":"article","og_title":"BLOG - Ku\u015fadas\u0131 Airport Transfer","og_description":"Ku\u015fadas\u0131 Ku\u015fadas\u0131 is a resort town located on the Aegean coast of Turkey, in the province of Ayd\u0131n. It is a popular tourist destination, known for its beautiful beaches, nightlife, and proximity to historical sites such as the ancient city of Ephesus. Some of the most popular attractions in Ku\u015fadas\u0131 include the long sandy beaches, [&hellip;]","og_url":"https:\/\/kusadasiairporttransfer.net\/tr\/blog-2\/","og_site_name":"Ku\u015fadas\u0131 Airport Transfer","article_modified_time":"2025-01-18T12:21:22+00:00","twitter_card":"summary_large_image","twitter_misc":{"Tahmini okuma s\u00fcresi":"2 dakika"},"schema":{"@context":"https:\/\/schema.org","@graph":[{"@type":"WebPage","@id":"https:\/\/kusadasiairporttransfer.net\/tr\/blog-2\/","url":"https:\/\/kusadasiairporttransfer.net\/tr\/blog-2\/","name":"BLOG - Ku\u015fadas\u0131 Airport Transfer","isPartOf":{"@id":"https:\/\/kusadasiairporttransfer.net\/tr\/#website"},"datePublished":"2025-01-18T12:01:45+00:00","dateModified":"2025-01-18T12:21:22+00:00","breadcrumb":{"@id":"https:\/\/kusadasiairporttransfer.net\/tr\/blog-2\/#breadcrumb"},"inLanguage":"tr","potentialAction":[{"@type":"ReadAction","target":["https:\/\/kusadasiairporttransfer.net\/tr\/blog-2\/"]}]},{"@type":"BreadcrumbList","@id":"https:\/\/kusadasiairporttransfer.net\/tr\/blog-2\/#breadcrumb","itemListElement":[{"@type":"ListItem","position":1,"name":"Anasayfa","item":"https:\/\/kusadasiairporttransfer.net\/tr\/"},{"@type":"ListItem","position":2,"name":"BLOG"}]},{"@type":"WebSite","@id":"https:\/\/kusadasiairporttransfer.net\/tr\/#website","url":"https:\/\/kusadasiairporttransfer.net\/tr\/","name":"Ku\u015fadas\u0131 Airport Transfer","description":"","potentialAction":[{"@type":"SearchAction","target":{"@type":"EntryPoint","urlTemplate":"https:\/\/kusadasiairporttransfer.net\/tr\/?s={search_term_string}"},"query-input":"required name=search_term_string"}],"inLanguage":"tr"}]}},"_links":{"self":[{"href":"https:\/\/kusadasiairporttransfer.net\/tr\/wp-json\/wp\/v2\/pages\/3946","targetHints":{"allow":["GET"]}}],"collection":[{"href":"https:\/\/kusadasiairporttransfer.net\/tr\/wp-json\/wp\/v2\/pages"}],"about":[{"href":"https:\/\/kusadasiairporttransfer.net\/tr\/wp-json\/wp\/v2\/types\/page"}],"author":[{"embeddable":true,"href":"https:\/\/kusadasiairporttransfer.net\/tr\/wp-json\/wp\/v2\/users\/2"}],"replies":[{"embeddable":true,"href":"https:\/\/kusadasiairporttransfer.net\/tr\/wp-json\/wp\/v2\/comments?post=3946"}],"version-history":[{"count":7,"href":"https:\/\/kusadasiairporttransfer.net\/tr\/wp-json\/wp\/v2\/pages\/3946\/revisions"}],"predecessor-version":[{"id":3959,"href":"https:\/\/kusadasiairporttransfer.net\/tr\/wp-json\/wp\/v2\/pages\/3946\/revisions\/3959"}],"wp:attachment":[{"href":"https:\/\/kusadasiairporttransfer.net\/tr\/wp-json\/wp\/v2\/media?parent=3946"}],"curies":[{"name":"wp","href":"https:\/\/api.w.org\/{rel}","templated":true}]}}