{"id":3007,"date":"2023-04-27T10:01:15","date_gmt":"2023-04-27T07:01:15","guid":{"rendered":"https:\/\/kusadasiairporttransfer.net\/?post_type=product&#038;p=3007"},"modified":"2024-03-29T11:28:01","modified_gmt":"2024-03-29T08:28:01","slug":"izmir-airport-vip-transfer","status":"publish","type":"product","link":"https:\/\/kusadasiairporttransfer.net\/tr\/transfer-hizmeti\/izmir-airport-vip-transfer\/","title":{"rendered":"Sprinter"},"content":{"rendered":"","protected":false},"excerpt":{"rendered":"<ul>\n<li>16+1 Koltuk Kapasitesi<\/li>\n<li>Yatar Koltuk \u2013 Perde<\/li>\n<li>Buzdolab\u0131<\/li>\n<li>Minibar<\/li>\n<li>\u00dcst A\u00e7\u0131l\u0131r Pencere<\/li>\n<li>Klima<\/li>\n<li>Evcil Hayvan Ta\u015f\u0131nabilir<\/li>\n<\/ul>\n","protected":false},"featured_media":3758,"comment_status":"open","ping_status":"closed","template":"","meta":[],"product_cat":[31],"product_tag":[],"class_list":["post-3007","product","type-product","status-publish","has-post-thumbnail","hentry","product_cat-genel"],"yoast_head":"<!-- This site is optimized with the Yoast SEO plugin v20.5 - https:\/\/yoast.com\/wordpress\/plugins\/seo\/ -->\n<title>Sprinter - Ku\u015fadas\u0131 Airport Transfer<\/title>\n<meta name=\"robots\" content=\"index, follow, max-snippet:-1, max-image-preview:large, max-video-preview:-1\" \/>\n<link rel=\"canonical\" href=\"https:\/\/kusadasiairporttransfer.net\/tr\/transfer-hizmeti\/izmir-airport-vip-transfer\/\" \/>\n<meta property=\"og:locale\" content=\"tr_TR\" \/>\n<meta property=\"og:type\" content=\"article\" \/>\n<meta property=\"og:title\" content=\"Sprinter - Ku\u015fadas\u0131 Airport Transfer\" \/>\n<meta property=\"og:description\" content=\"16+1 Koltuk Kapasitesi  Yatar Koltuk \u2013 Perde  Buzdolab\u0131  Minibar  \u00dcst A\u00e7\u0131l\u0131r Pencere  Klima  Evcil Hayvan Ta\u015f\u0131nabilir\" \/>\n<meta property=\"og:url\" content=\"https:\/\/kusadasiairporttransfer.net\/tr\/transfer-hizmeti\/izmir-airport-vip-transfer\/\" \/>\n<meta property=\"og:site_name\" content=\"Ku\u015fadas\u0131 Airport Transfer\" \/>\n<meta property=\"article:modified_time\" content=\"2024-03-29T08:28:01+00:00\" \/>\n<meta property=\"og:image\" content=\"https:\/\/kusadasiairporttransfer.net\/tr\/wp-content\/uploads\/2023\/04\/new-sprinter-1.jpg\" \/>\n\t<meta property=\"og:image:width\" content=\"800\" \/>\n\t<meta property=\"og:image:height\" content=\"500\" \/>\n\t<meta property=\"og:image:type\" content=\"image\/jpeg\" \/>\n<meta name=\"twitter:card\" content=\"summary_large_image\" \/>\n<script type=\"application\/ld+json\" class=\"yoast-schema-graph\">{\"@context\":\"https:\/\/schema.org\",\"@graph\":[{\"@type\":\"WebPage\",\"@id\":\"https:\/\/kusadasiairporttransfer.net\/tr\/transfer-hizmeti\/izmir-airport-vip-transfer\/\",\"url\":\"https:\/\/kusadasiairporttransfer.net\/tr\/transfer-hizmeti\/izmir-airport-vip-transfer\/\",\"name\":\"Sprinter - Ku\u015fadas\u0131 Airport Transfer\",\"isPartOf\":{\"@id\":\"https:\/\/kusadasiairporttransfer.net\/tr\/#website\"},\"datePublished\":\"2023-04-27T07:01:15+00:00\",\"dateModified\":\"2024-03-29T08:28:01+00:00\",\"breadcrumb\":{\"@id\":\"https:\/\/kusadasiairporttransfer.net\/tr\/transfer-hizmeti\/izmir-airport-vip-transfer\/#breadcrumb\"},\"inLanguage\":\"tr\",\"potentialAction\":[{\"@type\":\"ReadAction\",\"target\":[\"https:\/\/kusadasiairporttransfer.net\/tr\/transfer-hizmeti\/izmir-airport-vip-transfer\/\"]}]},{\"@type\":\"BreadcrumbList\",\"@id\":\"https:\/\/kusadasiairporttransfer.net\/tr\/transfer-hizmeti\/izmir-airport-vip-transfer\/#breadcrumb\",\"itemListElement\":[{\"@type\":\"ListItem\",\"position\":1,\"name\":\"Anasayfa\",\"item\":\"https:\/\/kusadasiairporttransfer.net\/tr\/\"},{\"@type\":\"ListItem\",\"position\":2,\"name\":\"Transfer Hizmeti\",\"item\":\"https:\/\/kusadasiairporttransfer.net\/tr\/transfer-hizmeti\/\"},{\"@type\":\"ListItem\",\"position\":3,\"name\":\"Sprinter\"}]},{\"@type\":\"WebSite\",\"@id\":\"https:\/\/kusadasiairporttransfer.net\/tr\/#website\",\"url\":\"https:\/\/kusadasiairporttransfer.net\/tr\/\",\"name\":\"Ku\u015fadas\u0131 Airport Transfer\",\"description\":\"\",\"potentialAction\":[{\"@type\":\"SearchAction\",\"target\":{\"@type\":\"EntryPoint\",\"urlTemplate\":\"https:\/\/kusadasiairporttransfer.net\/tr\/?s={search_term_string}\"},\"query-input\":\"required name=search_term_string\"}],\"inLanguage\":\"tr\"}]}<\/script>\n<!-- \/ Yoast SEO plugin. -->","yoast_head_json":{"title":"Sprinter - Ku\u015fadas\u0131 Airport Transfer","robots":{"index":"index","follow":"follow","max-snippet":"max-snippet:-1","max-image-preview":"max-image-preview:large","max-video-preview":"max-video-preview:-1"},"canonical":"https:\/\/kusadasiairporttransfer.net\/tr\/transfer-hizmeti\/izmir-airport-vip-transfer\/","og_locale":"tr_TR","og_type":"article","og_title":"Sprinter - Ku\u015fadas\u0131 Airport Transfer","og_description":"16+1 Koltuk Kapasitesi  Yatar Koltuk \u2013 Perde  Buzdolab\u0131  Minibar  \u00dcst A\u00e7\u0131l\u0131r Pencere  Klima  Evcil Hayvan Ta\u015f\u0131nabilir","og_url":"https:\/\/kusadasiairporttransfer.net\/tr\/transfer-hizmeti\/izmir-airport-vip-transfer\/","og_site_name":"Ku\u015fadas\u0131 Airport Transfer","article_modified_time":"2024-03-29T08:28:01+00:00","og_image":[{"width":800,"height":500,"url":"https:\/\/kusadasiairporttransfer.net\/tr\/wp-content\/uploads\/2023\/04\/new-sprinter-1.jpg","type":"image\/jpeg"}],"twitter_card":"summary_large_image","schema":{"@context":"https:\/\/schema.org","@graph":[{"@type":"WebPage","@id":"https:\/\/kusadasiairporttransfer.net\/tr\/transfer-hizmeti\/izmir-airport-vip-transfer\/","url":"https:\/\/kusadasiairporttransfer.net\/tr\/transfer-hizmeti\/izmir-airport-vip-transfer\/","name":"Sprinter - Ku\u015fadas\u0131 Airport Transfer","isPartOf":{"@id":"https:\/\/kusadasiairporttransfer.net\/tr\/#website"},"datePublished":"2023-04-27T07:01:15+00:00","dateModified":"2024-03-29T08:28:01+00:00","breadcrumb":{"@id":"https:\/\/kusadasiairporttransfer.net\/tr\/transfer-hizmeti\/izmir-airport-vip-transfer\/#breadcrumb"},"inLanguage":"tr","potentialAction":[{"@type":"ReadAction","target":["https:\/\/kusadasiairporttransfer.net\/tr\/transfer-hizmeti\/izmir-airport-vip-transfer\/"]}]},{"@type":"BreadcrumbList","@id":"https:\/\/kusadasiairporttransfer.net\/tr\/transfer-hizmeti\/izmir-airport-vip-transfer\/#breadcrumb","itemListElement":[{"@type":"ListItem","position":1,"name":"Anasayfa","item":"https:\/\/kusadasiairporttransfer.net\/tr\/"},{"@type":"ListItem","position":2,"name":"Transfer Hizmeti","item":"https:\/\/kusadasiairporttransfer.net\/tr\/transfer-hizmeti\/"},{"@type":"ListItem","position":3,"name":"Sprinter"}]},{"@type":"WebSite","@id":"https:\/\/kusadasiairporttransfer.net\/tr\/#website","url":"https:\/\/kusadasiairporttransfer.net\/tr\/","name":"Ku\u015fadas\u0131 Airport Transfer","description":"","potentialAction":[{"@type":"SearchAction","target":{"@type":"EntryPoint","urlTemplate":"https:\/\/kusadasiairporttransfer.net\/tr\/?s={search_term_string}"},"query-input":"required name=search_term_string"}],"inLanguage":"tr"}]}},"_links":{"self":[{"href":"https:\/\/kusadasiairporttransfer.net\/tr\/wp-json\/wp\/v2\/product\/3007","targetHints":{"allow":["GET"]}}],"collection":[{"href":"https:\/\/kusadasiairporttransfer.net\/tr\/wp-json\/wp\/v2\/product"}],"about":[{"href":"https:\/\/kusadasiairporttransfer.net\/tr\/wp-json\/wp\/v2\/types\/product"}],"replies":[{"embeddable":true,"href":"https:\/\/kusadasiairporttransfer.net\/tr\/wp-json\/wp\/v2\/comments?post=3007"}],"wp:featuredmedia":[{"embeddable":true,"href":"https:\/\/kusadasiairporttransfer.net\/tr\/wp-json\/wp\/v2\/media\/3758"}],"wp:attachment":[{"href":"https:\/\/kusadasiairporttransfer.net\/tr\/wp-json\/wp\/v2\/media?parent=3007"}],"wp:term":[{"taxonomy":"product_cat","embeddable":true,"href":"https:\/\/kusadasiairporttransfer.net\/tr\/wp-json\/wp\/v2\/product_cat?post=3007"},{"taxonomy":"product_tag","embeddable":true,"href":"https:\/\/kusadasiairporttransfer.net\/tr\/wp-json\/wp\/v2\/product_tag?post=3007"}],"curies":[{"name":"wp","href":"https:\/\/api.w.org\/{rel}","templated":true}]}}